{"id":3,"date":"2021-03-22T19:53:47","date_gmt":"2021-03-22T19:53:47","guid":{"rendered":"http:\/\/dcimex.com\/?page_id=3"},"modified":"2021-05-19T05:29:12","modified_gmt":"2021-05-19T05:29:12","slug":"politica-privacidad","status":"publish","type":"page","link":"https:\/\/dcimex.com\/en\/politica-privacidad\/","title":{"rendered":"Privacy Policy"},"content":{"rendered":"<h2>Qui\u00e9nes somos<\/h2>\n\n\n\n<p>The address of our website is: https:\/\/dcimex.com.<\/p>\n\n\n\n<h2>Comments<\/h2>\n\n\n\n<p>When visitors leave comments on the web, we collect the data shown in the comment form, as well as the visitor's IP address and browser user agent string to help detect spam.<\/p>\n\n\n\n<p>An anonymous string created from your email address (also called a hash) can be provided to the Gravatar service to see if you are using it. The Gravatar service privacy policy is available here: https:\/\/automattic.com\/privacy\/. After approval of your comment, your profile image is visible to the public in the context of your comment.<\/p>\n\n\n\n<h2>Media Files<\/h2>\n\n\n\n<p><strong class=\"privacy-policy-tutorial\"> <\/strong>If you upload images to the web, you should avoid uploading images with location data (EXIF GPS) included. Visitors to the web can download and extract any location data from images on the web.<\/p>\n\n\n\n<h2>Cookies<\/h2>\n\n\n\n<p>If you leave a comment on our site you can choose to save your name, email address and website in cookies. This is for your convenience, so you don't have to fill in your details again when you leave another comment. These cookies will last for one year.<\/p>\n\n\n\n<p>If you have an account and you connect to this site, we will install a temporary cookie to determine if your browser accepts cookies. This cookie does not contain personal data and is deleted when the browser is closed.<\/p>\n\n\n\n<p>When you log in, we will also install several cookies to save your access information and your screen display options. Access cookies last for two days, and screen options cookies last for one year. If you select \"Remember me\", your access will last for two weeks. If you log out of your account, the access cookies will be deleted.<\/p>\n\n\n\n<p>If you edit or publish an article, an additional cookie will be saved in your browser. This cookie does not include personal data and simply indicates the ID of the article that you just edited. It expires after 1 day.<\/p>\n\n\n\n<h2>Embedded content from other websites<\/h2>\n\n\n\n<p>Articles on this site may include embedded content (for example, videos, images, articles, etc.). Embedded content from other websites behaves in exactly the same way as if the visitor had visited the other website.<\/p>\n\n\n\n<p>These websites may collect data about you, use cookies, embed additional third-party tracking, and monitor your interaction with that embedded content, including tracking your interaction with embedded content if you have an account and are connected to that website.<\/p>\n\n\n\n<h2>Who we share your data with<\/h2>\n\n\n\n<p>If you request a password reset, your IP address will be included in the reset email.<\/p>\n\n\n\n<h2>How long we keep your data<\/h2>\n\n\n\n<p><strong class=\"privacy-policy-tutorial\"> <\/strong>If you leave a comment, the comment and its metadata are kept indefinitely. This is so that we can recognize and approve subsequent comments automatically, instead of keeping them in a moderation queue.<\/p>\n\n\n\n<p>Of the users who register on our website (if any), we also store the personal information that they provide in their user profile. All users can view, edit or delete their personal information at any time (except that they cannot change their username). Website administrators can also view and edit this information.<\/p>\n\n\n\n<h2>What rights do you have over your data<\/h2>\n\n\n\n<p>Si tienes una cuenta o has dejado comentarios en esta web, puedes solicitar recibir un archivo de exportaci\u00f3n de los datos personales que tenemos sobre ti, incluyendo cualquier dato que nos hayas proporcionado. Tambi\u00e9n puedes solicitar que eliminemos cualquier dato personal que tengamos sobre ti. Esto no incluye ning\u00fan dato que estemos obligados a conservar con fines administrativos, legales o de seguridad.<\/p>\n\n\n\n<h2>D\u00f3nde enviamos tus datos<\/h2>\n\n\n\n<p><strong class=\"privacy-policy-tutorial\"> <\/strong>Los comentarios de los visitantes pueden que los revise un servicio de detecci\u00f3n autom\u00e1tica de spam.<\/p>","protected":false},"excerpt":{"rendered":"<p>Qui\u00e9nes somos La direcci\u00f3n de nuestra web es: https:\/\/dcimex.com. Comentarios Cuando los visitantes dejan comentarios en la web, recopilamos los datos que se muestran en el formulario de comentarios, as\u00ed como la direcci\u00f3n IP del visitante y la cadena de agentes de usuario del navegador para ayudar a la detecci\u00f3n de spam. Una cadena an\u00f3nima [&hellip;]<\/p>\n","protected":false},"author":1,"featured_media":0,"parent":0,"menu_order":0,"comment_status":"closed","ping_status":"closed","template":"","meta":[],"_links":{"self":[{"href":"https:\/\/dcimex.com\/en\/wp-json\/wp\/v2\/pages\/3"}],"collection":[{"href":"https:\/\/dcimex.com\/en\/wp-json\/wp\/v2\/pages"}],"about":[{"href":"https:\/\/dcimex.com\/en\/wp-json\/wp\/v2\/types\/page"}],"author":[{"embeddable":true,"href":"https:\/\/dcimex.com\/en\/wp-json\/wp\/v2\/users\/1"}],"replies":[{"embeddable":true,"href":"https:\/\/dcimex.com\/en\/wp-json\/wp\/v2\/comments?post=3"}],"version-history":[{"count":2,"href":"https:\/\/dcimex.com\/en\/wp-json\/wp\/v2\/pages\/3\/revisions"}],"predecessor-version":[{"id":787,"href":"https:\/\/dcimex.com\/en\/wp-json\/wp\/v2\/pages\/3\/revisions\/787"}],"wp:attachment":[{"href":"https:\/\/dcimex.com\/en\/wp-json\/wp\/v2\/media?parent=3"}],"curies":[{"name":"wp","href":"https:\/\/api.w.org\/{rel}","templated":true}]}}